{"id":13574,"date":"2026-03-06T14:40:05","date_gmt":"2026-03-06T13:40:05","guid":{"rendered":"https:\/\/www.old-design.com\/produit\/minerva-sofa-by-peter-hvidt-orla-molgaard-nielsen-for-france-and-son\/"},"modified":"2026-04-24T11:32:44","modified_gmt":"2026-04-24T09:32:44","slug":"minerva-sofa-by-peter-hvidt-orla-molgaard-nielsen-for-france-and-son","status":"publish","type":"product","link":"https:\/\/www.old-design.com\/en\/produit\/minerva-sofa-by-peter-hvidt-orla-molgaard-nielsen-for-france-and-son\/","title":{"rendered":"Minerva Sofa by Peter Hvidt &amp; Orla M\u00f8lgaard Nielsen for France and Son"},"content":{"rendered":"<section class=\"wpb-content-wrapper\"><p>[vc_row][vc_column]\n<div class=\"wpcf7 no-js\" id=\"wpcf7-f3131-o1\" lang=\"fr-FR\" dir=\"ltr\" data-wpcf7-id=\"3131\">\n<div class=\"screen-reader-response\"><p role=\"status\" aria-live=\"polite\" aria-atomic=\"true\"><\/p> <ul><\/ul><\/div>\n<form action=\"\/en\/wp-json\/wp\/v2\/product\/13574#wpcf7-f3131-o1\" method=\"post\" class=\"wpcf7-form init\" aria-label=\"Formulaire de contact\" novalidate=\"novalidate\" data-status=\"init\">\n<fieldset class=\"hidden-fields-container\"><input type=\"hidden\" name=\"_wpcf7\" value=\"3131\" \/><input type=\"hidden\" name=\"_wpcf7_version\" value=\"6.1.5\" \/><input type=\"hidden\" name=\"_wpcf7_locale\" value=\"fr_FR\" \/><input type=\"hidden\" name=\"_wpcf7_unit_tag\" value=\"wpcf7-f3131-o1\" \/><input type=\"hidden\" name=\"_wpcf7_container_post\" value=\"0\" \/><input type=\"hidden\" name=\"_wpcf7_posted_data_hash\" value=\"\" \/><input type=\"hidden\" name=\"_wpcf7_recaptcha_response\" value=\"\" \/>\n<\/fieldset>\n<p><label> Nom<br \/>\n<span class=\"wpcf7-form-control-wrap\" data-name=\"your-name\"><input size=\"40\" maxlength=\"400\" class=\"wpcf7-form-control wpcf7-text wpcf7-validates-as-required\" aria-required=\"true\" aria-invalid=\"false\" value=\"\" type=\"text\" name=\"your-name\" \/><\/span> <\/label>\n<\/p>\n<p><label> E-mail<br \/>\n<span class=\"wpcf7-form-control-wrap\" data-name=\"email-197\"><input size=\"40\" maxlength=\"400\" class=\"wpcf7-form-control wpcf7-email wpcf7-validates-as-required wpcf7-text wpcf7-validates-as-email\" aria-required=\"true\" aria-invalid=\"false\" value=\"\" type=\"email\" name=\"email-197\" \/><\/span> <\/label>\n<\/p>\n<p><label> T\u00e9l\u00e9phone<br \/>\n<span class=\"wpcf7-form-control-wrap\" data-name=\"tel-708\"><input size=\"40\" maxlength=\"400\" class=\"wpcf7-form-control wpcf7-tel wpcf7-validates-as-required wpcf7-text wpcf7-validates-as-tel\" aria-required=\"true\" aria-invalid=\"false\" value=\"\" type=\"tel\" name=\"tel-708\" \/><\/span> <\/label>\n<\/p>\n<p><label> Votre message<br \/>\n<span class=\"wpcf7-form-control-wrap\" data-name=\"your-message\"><textarea cols=\"40\" rows=\"10\" maxlength=\"2000\" class=\"wpcf7-form-control wpcf7-textarea\" aria-invalid=\"false\" name=\"your-message\"><\/textarea><\/span> <\/label>\n<\/p>\n<p><input class=\"wpcf7-form-control wpcf7-submit has-spinner\" type=\"submit\" value=\"Envoyer\" \/>\n<\/p><div class=\"wpcf7-response-output\" aria-hidden=\"true\"><\/div>\n<\/form>\n<\/div>\n[\/vc_column][\/vc_row]<\/p>\n<\/section>","protected":false},"excerpt":{"rendered":"<h2>Minerva Model Sofa by Peter Hvidt and Orla M\u00f8lgaard<\/h2>\n<p>Danish sofa, Minerva model published by France and Son.<br \/>\nSofa designed in the 1960s by Peter Hvidt and Orla M\u00f8lgaard. A classic of Danish sofa design. A rare model featuring two backrests.<br \/>Upholstery restored in a beautiful thick grey boucl\u00e9 fabric.  <\/p>\n<p>The mattress and cushions are new: high-resilience foam custom-cut for this model and covered with thick wadding by an experienced upholsterer. Very comfortable. <\/p>\n<p>The mattress and cushions have removable covers with zippers and are machine washable at 30\u00b0.<\/p>\n<p>Stamped by the manufacturer France &amp; Son. Solid teak frame. The piece is in excellent vintage condition. <\/p>\n<p>L: 190 cm<br \/>\nH: 75 cm<br \/>\nD: 81 cm.<\/p>\n<p>Delivery throughout France<\/p>\n<p>Europe and Worldwide Shipping<\/p>\n<p>&nbsp;<\/p>\n","protected":false},"featured_media":13411,"template":"","meta":{"_seopress_robots_primary_cat":"none","_seopress_titles_title":"Minerva Sofa Peter Hvidt & Orla M\u00f8lgaard - \u00f6lddesign","_seopress_titles_desc":"Vintage Danish Minerva sofa by Peter Hvidt & Orla M\u00f8lgaard Nielsen in teak for France and Son.","_seopress_robots_index":""},"product_brand":[],"product_cat":[572,573],"product_tag":[],"class_list":{"0":"post-13574","1":"product","2":"type-product","3":"status-publish","4":"has-post-thumbnail","6":"product_cat-seating","7":"product_cat-sofas","9":"first","10":"instock","11":"sold-individually","12":"shipping-taxable","13":"purchasable","14":"product-type-simple"},"_links":{"self":[{"href":"https:\/\/www.old-design.com\/en\/wp-json\/wp\/v2\/product\/13574","targetHints":{"allow":["GET"]}}],"collection":[{"href":"https:\/\/www.old-design.com\/en\/wp-json\/wp\/v2\/product"}],"about":[{"href":"https:\/\/www.old-design.com\/en\/wp-json\/wp\/v2\/types\/product"}],"wp:featuredmedia":[{"embeddable":true,"href":"https:\/\/www.old-design.com\/en\/wp-json\/wp\/v2\/media\/13411"}],"wp:attachment":[{"href":"https:\/\/www.old-design.com\/en\/wp-json\/wp\/v2\/media?parent=13574"}],"wp:term":[{"taxonomy":"product_brand","embeddable":true,"href":"https:\/\/www.old-design.com\/en\/wp-json\/wp\/v2\/product_brand?post=13574"},{"taxonomy":"product_cat","embeddable":true,"href":"https:\/\/www.old-design.com\/en\/wp-json\/wp\/v2\/product_cat?post=13574"},{"taxonomy":"product_tag","embeddable":true,"href":"https:\/\/www.old-design.com\/en\/wp-json\/wp\/v2\/product_tag?post=13574"}],"curies":[{"name":"wp","href":"https:\/\/api.w.org\/{rel}","templated":true}]}}