{"id":13516,"date":"2019-11-19T13:34:33","date_gmt":"2019-11-19T12:34:33","guid":{"rendered":"https:\/\/www.old-design.com\/cart\/"},"modified":"2026-04-24T09:38:29","modified_gmt":"2026-04-24T07:38:29","slug":"cart","status":"publish","type":"page","link":"https:\/\/www.old-design.com\/en\/cart\/","title":{"rendered":"Cart"},"content":{"rendered":"\n<div data-block-name=\"woocommerce\/cart\" class=\"wp-block-woocommerce-cart alignwide is-loading\">\n<div data-block-name=\"woocommerce\/filled-cart-block\" class=\"wp-block-woocommerce-filled-cart-block\">\n<div data-block-name=\"woocommerce\/cart-items-block\" class=\"wp-block-woocommerce-cart-items-block\">\n<div data-block-name=\"woocommerce\/cart-line-items-block\" class=\"wp-block-woocommerce-cart-line-items-block\"><\/div>\n\n\n<\/div>\n\n\n\n\n<div data-block-name=\"woocommerce\/cart-totals-block\" class=\"wp-block-woocommerce-cart-totals-block\">\n<div data-block-name=\"woocommerce\/cart-order-summary-block\" class=\"wp-block-woocommerce-cart-order-summary-block\">\n<div data-block-name=\"woocommerce\/cart-order-summary-heading-block\" class=\"wp-block-woocommerce-cart-order-summary-heading-block\"><\/div><div data-block-name=\"woocommerce\/cart-order-summary-coupon-form-block\" class=\"wp-block-woocommerce-cart-order-summary-coupon-form-block\"><\/div><div data-block-name=\"woocommerce\/cart-order-summary-totals-block\" class=\"wp-block-woocommerce-cart-order-summary-totals-block\">\n<div data-block-name=\"woocommerce\/cart-order-summary-subtotal-block\" class=\"wp-block-woocommerce-cart-order-summary-subtotal-block\"><\/div>\n<div data-block-name=\"woocommerce\/cart-order-summary-discount-block\" class=\"wp-block-woocommerce-cart-order-summary-discount-block\"><\/div>\n<div data-block-name=\"woocommerce\/cart-order-summary-fee-block\" class=\"wp-block-woocommerce-cart-order-summary-fee-block\"><\/div>\n<div data-block-name=\"woocommerce\/cart-order-summary-shipping-block\" class=\"wp-block-woocommerce-cart-order-summary-shipping-block\"><\/div>\n<div data-block-name=\"woocommerce\/cart-order-summary-taxes-block\" class=\"wp-block-woocommerce-cart-order-summary-taxes-block\"><\/div><\/div>\n<\/div>\n\n\n\n<div data-block-name=\"woocommerce\/cart-express-payment-block\" class=\"wp-block-woocommerce-cart-express-payment-block\"><\/div>\n\n\n\n<div data-block-name=\"woocommerce\/proceed-to-checkout-block\" class=\"wp-block-woocommerce-proceed-to-checkout-block\"><\/div>\n\n\n\n<div data-block-name=\"woocommerce\/cart-accepted-payment-methods-block\" class=\"wp-block-woocommerce-cart-accepted-payment-methods-block\"><\/div>\n<\/div>\n<\/div>\n\n\n\n<div data-block-name=\"woocommerce\/empty-cart-block\" class=\"wp-block-woocommerce-empty-cart-block\">\n<h2 class=\"wp-block-heading has-text-align-center with-empty-cart-icon wc-block-cart__empty-cart__title\">Your cart is currently empty!<\/h2>\n\n\n\n<hr class=\"wp-block-separator has-alpha-channel-opacity is-style-dots\"\/>\n\n\n\n<h2 class=\"wp-block-heading has-text-align-center\">New in store<\/h2>\n\n\n<div data-block-name=\"woocommerce\/product-new\" data-columns=\"4\" data-rows=\"1\" class=\"wc-block-grid wp-block-product-new wp-block-woocommerce-product-new wc-block-product-new has-4-columns\"><ul class=\"wc-block-grid__products\"><li class=\"wc-block-grid__product\">\n\t\t\t\t<a href=\"https:\/\/www.old-design.com\/en\/produit\/george-nelson-cabinet-for-herman-miller-1960\/\" class=\"wc-block-grid__product-link\">\n\t\t\t\t\t\n\t\t\t\t\t<div class=\"wc-block-grid__product-image\"><img loading=\"lazy\" decoding=\"async\" width=\"350\" height=\"435\" src=\"https:\/\/www.old-design.com\/wp-content\/uploads\/2026\/04\/enfilade-george-nelson-olddesign-2-350x435.jpg\" class=\"attachment-woocommerce_thumbnail size-woocommerce_thumbnail\" alt=\"Petite enfilade George Nelson en noyer \u00e9dition Herman Miller, portes coulissantes, 1960&#039;s, vue d&#039;ensemble.\" \/><\/div>\n\t\t\t\t\t<div class=\"wc-block-grid__product-title\">George Nelson cabinet for Herman Miller, 1960.<\/div>\n\t\t\t\t<\/a>\n\t\t\t\t<div class=\"wc-block-grid__product-price price\"><span class=\"woocommerce-Price-amount amount\">1,300.00<span class=\"woocommerce-Price-currencySymbol\">&euro;<\/span><\/span><\/div>\n\t\t\t\t\n\t\t\t\t<div class=\"wp-block-button wc-block-grid__product-add-to-cart\"><a href=\"\/en\/wp-json\/wp\/v2\/pages\/13516?add-to-cart=13531\" aria-label=\"Add to cart: &ldquo;George Nelson cabinet for Herman Miller, 1960.&rdquo;\" data-quantity=\"1\" data-product_id=\"13531\" data-product_sku=\"\" data-price=\"1300\" rel=\"nofollow\" class=\"wp-block-button__link  add_to_cart_button ajax_add_to_cart\">Add to cart<\/a><\/div>\n\t\t\t<\/li><li class=\"wc-block-grid__product\">\n\t\t\t\t<a href=\"https:\/\/www.old-design.com\/en\/produit\/george-nelson-desk-for-herman-miller-1960\/\" class=\"wc-block-grid__product-link\">\n\t\t\t\t\t\n\t\t\t\t\t<div class=\"wc-block-grid__product-image\"><img loading=\"lazy\" decoding=\"async\" width=\"350\" height=\"435\" src=\"https:\/\/www.old-design.com\/wp-content\/uploads\/2026\/04\/bureau-george-nelson-olddesign-7-350x435.jpg\" class=\"attachment-woocommerce_thumbnail size-woocommerce_thumbnail\" alt=\"bureau George Nelson en noyer \u00e9dition Herman Miller, mod\u00e8le EOG, 1960&#039;s, vue d&#039;ensemble.\" \/><\/div>\n\t\t\t\t\t<div class=\"wc-block-grid__product-title\">George Nelson Desk for Herman Miller, 1960.<\/div>\n\t\t\t\t<\/a>\n\t\t\t\t<div class=\"wc-block-grid__product-price price\"><span class=\"woocommerce-Price-amount amount\">2,300.00<span class=\"woocommerce-Price-currencySymbol\">&euro;<\/span><\/span><\/div>\n\t\t\t\t\n\t\t\t\t<div class=\"wp-block-button wc-block-grid__product-add-to-cart\"><a href=\"\/en\/wp-json\/wp\/v2\/pages\/13516?add-to-cart=13542\" aria-label=\"Add to cart: &ldquo;George Nelson Desk for Herman Miller, 1960.&rdquo;\" data-quantity=\"1\" data-product_id=\"13542\" data-product_sku=\"\" data-price=\"2300\" rel=\"nofollow\" class=\"wp-block-button__link  add_to_cart_button ajax_add_to_cart\">Add to cart<\/a><\/div>\n\t\t\t<\/li><li class=\"wc-block-grid__product\">\n\t\t\t\t<a href=\"https:\/\/www.old-design.com\/en\/produit\/roundette-tripod-table-and-chairs-by-hans-olsen-for-frem-rojle-1960\/\" class=\"wc-block-grid__product-link\">\n\t\t\t\t\t\n\t\t\t\t\t<div class=\"wc-block-grid__product-image\"><img loading=\"lazy\" decoding=\"async\" width=\"350\" height=\"435\" src=\"https:\/\/www.old-design.com\/wp-content\/uploads\/2026\/03\/hans-olsen-table-olddesign-1-350x435.jpg\" class=\"attachment-woocommerce_thumbnail size-woocommerce_thumbnail\" alt=\"Ensemble vintage chaises tripodes et table en teck Hans Olsen, mod\u00e8le Roundette, pour l&#039;\u00e9diteur Danois Frem Rojle, 1960\" \/><\/div>\n\t\t\t\t\t<div class=\"wc-block-grid__product-title\">Roundette tripod table and chairs by Hans Olsen for Frem R\u00f8jle, 1960.<\/div>\n\t\t\t\t<\/a>\n\t\t\t\t<div class=\"wc-block-grid__product-price price\"><span class=\"woocommerce-Price-amount amount\">3,200.00<span class=\"woocommerce-Price-currencySymbol\">&euro;<\/span><\/span><\/div>\n\t\t\t\t\n\t\t\t\t<div class=\"wp-block-button wc-block-grid__product-add-to-cart\"><a href=\"\/en\/wp-json\/wp\/v2\/pages\/13516?add-to-cart=13552\" aria-label=\"Add to cart: &ldquo;Roundette tripod table and chairs by Hans Olsen for Frem R\u00f8jle, 1960.&rdquo;\" data-quantity=\"1\" data-product_id=\"13552\" data-product_sku=\"\" data-price=\"3200\" rel=\"nofollow\" class=\"wp-block-button__link  add_to_cart_button ajax_add_to_cart\">Add to cart<\/a><\/div>\n\t\t\t<\/li><li class=\"wc-block-grid__product\">\n\t\t\t\t<a href=\"https:\/\/www.old-design.com\/en\/produit\/mi-806-aluminum-sideboard-bruno-mathsson\/\" class=\"wc-block-grid__product-link\">\n\t\t\t\t\t\n\t\t\t\t\t<div class=\"wc-block-grid__product-image\"><img loading=\"lazy\" decoding=\"async\" width=\"350\" height=\"435\" src=\"https:\/\/www.old-design.com\/wp-content\/uploads\/2026\/03\/bruno-mathsson-sideboard-olddesign-1-350x435.jpg\" class=\"attachment-woocommerce_thumbnail size-woocommerce_thumbnail\" alt=\"Mid Century sideboard su\u00e9doise minimaliste Bruno Mathsson mod\u00e8le mi 806 en fr\u00eane, rare avec ses portes coulissantes en aluminium, vue d&#039;ensemble\" \/><\/div>\n\t\t\t\t\t<div class=\"wc-block-grid__product-title\">MI 806 Aluminum sideboard Bruno Mathsson<\/div>\n\t\t\t\t<\/a>\n\t\t\t\t<div class=\"wc-block-grid__product-price price\"><span class=\"woocommerce-Price-amount amount\">3,900.00<span class=\"woocommerce-Price-currencySymbol\">&euro;<\/span><\/span><\/div>\n\t\t\t\t\n\t\t\t\t<div class=\"wp-block-button wc-block-grid__product-add-to-cart\"><a href=\"\/en\/wp-json\/wp\/v2\/pages\/13516?add-to-cart=13566\" aria-label=\"Add to cart: &ldquo;MI 806 Aluminum sideboard Bruno Mathsson&rdquo;\" data-quantity=\"1\" data-product_id=\"13566\" data-product_sku=\"\" data-price=\"3900\" rel=\"nofollow\" class=\"wp-block-button__link  add_to_cart_button ajax_add_to_cart\">Add to cart<\/a><\/div>\n\t\t\t<\/li><\/ul><\/div><\/div>\n<\/div>\n","protected":false},"excerpt":{"rendered":"You may be interested in&hellip; Your cart is currently empty! New in store","protected":false},"author":1,"featured_media":0,"parent":0,"menu_order":0,"comment_status":"closed","ping_status":"closed","template":"","meta":{"_seopress_robots_primary_cat":"","_seopress_titles_title":"","_seopress_titles_desc":"","_seopress_robots_index":"","footnotes":""},"class_list":["post-13516","page","type-page","status-publish","hentry"],"_links":{"self":[{"href":"https:\/\/www.old-design.com\/en\/wp-json\/wp\/v2\/pages\/13516","targetHints":{"allow":["GET"]}}],"collection":[{"href":"https:\/\/www.old-design.com\/en\/wp-json\/wp\/v2\/pages"}],"about":[{"href":"https:\/\/www.old-design.com\/en\/wp-json\/wp\/v2\/types\/page"}],"author":[{"embeddable":true,"href":"https:\/\/www.old-design.com\/en\/wp-json\/wp\/v2\/users\/1"}],"replies":[{"embeddable":true,"href":"https:\/\/www.old-design.com\/en\/wp-json\/wp\/v2\/comments?post=13516"}],"version-history":[{"count":1,"href":"https:\/\/www.old-design.com\/en\/wp-json\/wp\/v2\/pages\/13516\/revisions"}],"predecessor-version":[{"id":13519,"href":"https:\/\/www.old-design.com\/en\/wp-json\/wp\/v2\/pages\/13516\/revisions\/13519"}],"wp:attachment":[{"href":"https:\/\/www.old-design.com\/en\/wp-json\/wp\/v2\/media?parent=13516"}],"curies":[{"name":"wp","href":"https:\/\/api.w.org\/{rel}","templated":true}]}}